{"id":38588,"date":"2020-01-13T07:54:21","date_gmt":"2020-01-13T06:54:21","guid":{"rendered":"https:\/\/sha.de\/services\/conseil"},"modified":"2024-08-28T15:01:49","modified_gmt":"2024-08-28T13:01:49","slug":"conseil","status":"publish","type":"page","link":"https:\/\/sha-luzern.ch\/fr\/services\/conseil","title":{"rendered":"Conseil"},"content":{"rendered":"<div id='av_section_1' class='avia-section main_color pt-default pb-default avia-no-border-styling avia-bg-style-scroll  avia-builder-el-0  el_before_av_section  avia-builder-el-first   container_wrap fullsize' style=' '  ><div class='container' ><main  role=\"main\" itemprop=\"mainContentOfPage\"  class='template-page content  av-content-full alpha units'><div class='post-entry post-entry-type-page post-entry-38588'><div class='entry-content-wrapper clearfix'>\n\n\t\t\t<div id=\"av-k55bagx6\" class=\"headline-column flex_column av_one_full flex_column_div first \">\n\t\t\t\t<div class=\"headline-wrap is-outside align-left sub-bottom\">\n\t\t\t\t\t<h1 class=\"headline-content headline-primary\">Conseil<\/h1>\n\t\t\t\t\t<h3 class=\"headline-content headline-secondary\">Votre partenaire de A \u00e0 Z<\/h3>\n\t\t\t\t<\/div>\n\t\t\t<\/div>\n<div class=\"flex_column av_two_third  flex_column_div av-zero-column-padding first bg-default  service img-left   avia-builder-el-2  el_after_pixel_sc_headline  el_before_av_one_third  w-1023-half \" style=\"background-image: url(https:\/\/sha-luzern.ch\/wp-content\/uploads\/065-Moods-SHA-Dortmund-Juli-2021-web-2.jpg); background-position: center right; background-repeat: no-repeat; background-size: cover; \"><\/div><div class=\"flex_column av_one_third  flex_column_div av-zero-column-padding  bg-default border-bottom   img-left   avia-builder-el-3  el_after_av_two_third  avia-builder-el-last  w-1023-half \"><section  class='av_textblock_section av-k55baqys-76fd3ab987b8edeb983c11dbb0a25821 '   itemscope=\"itemscope\" itemtype=\"https:\/\/schema.org\/CreativeWork\" ><div class='avia_textblock'  itemprop=\"text\" ><h3>Conseil avant le d\u00e9but du projet<\/h3>\n<p>La planification d&rsquo;un projet de construction commence bien avant le premier coup de crayon de l&rsquo;architecte : En tant que sp\u00e9cialiste de l&rsquo;ensemble, nous vous conseillons sur tout ce qui touche \u00e0 la construction. Bien avant le d\u00e9but de la planification, nous vous assistons dans l&rsquo;\u00e9laboration du cadre et des t\u00e2ches. Ensemble, nous posons les bases d&rsquo;un projet r\u00e9ussi en vous conseillant pendant la phase de d\u00e9marrage et en \u00e9valuant les possibilit\u00e9s de d\u00e9veloppement : La nouvelle utilisation est-elle possible dans un b\u00e2timent existant, avec ou sans transformation ? Un b\u00e2timent suppl\u00e9mentaire ou un nouveau b\u00e2timent est-il n\u00e9cessaire ? Comment se pose la question de trouver un terrain appropri\u00e9 et quelles sont les restrictions impos\u00e9es par les lois, les r\u00e8glements et les statuts ? Quelles sont les d\u00e9cisions qui ont une incidence sur les co\u00fbts ou les d\u00e9lais de construction ?<\/p>\n<\/div><\/section><\/div>\n\n<\/div><\/div><\/main><!-- close content main element --><\/div><\/div><div id='av_section_2' class='avia-section main_color pt-default pb-default avia-no-border-styling avia-bg-style-scroll  avia-builder-el-5  el_after_av_section  el_before_av_section   container_wrap fullsize' style=' '  ><div class='container' ><div class='template-page content  av-content-full alpha units'><div class='post-entry post-entry-type-page post-entry-38588'><div class='entry-content-wrapper clearfix'>\n<div class=\"flex_column av_one_third  flex_column_div av-zero-column-padding first bg-default border-bottom   img-left   avia-builder-el-6  el_before_av_one_third  avia-builder-el-first  w-1023-half \"><section  class='av_textblock_section av-k55baqys-9-4c20cb2ab722c4c625da88e31e2a79a5 '   itemscope=\"itemscope\" itemtype=\"https:\/\/schema.org\/CreativeWork\" ><div class='avia_textblock'  itemprop=\"text\" ><h3>D\u00e9termination des besoins sp\u00e9cifiques au secteur<\/h3>\n<p>La construction n&rsquo;est que tr\u00e8s rarement une fin en soi. Dans la plupart des cas, la construction est le r\u00e9sultat d&rsquo;une optimisation des processus. La question centrale est toujours de savoir quelle mesure permet de soutenir ou de simplifier efficacement les processus commerciaux pertinents de l&rsquo;entreprise.  <\/p>\n<p>La compr\u00e9hension de l&rsquo;existant et la connaissance des possibilit\u00e9s de d\u00e9veloppement constituent deux variables essentielles pour \u00e9valuer correctement les besoins d&rsquo;une entreprise. Nous vous conseillons et vous aidons \u00e0 d\u00e9finir vos besoins gr\u00e2ce \u00e0 notre savoir-faire sp\u00e9cifique au secteur.<\/p>\n<\/div><\/section><\/div><div class=\"flex_column av_one_third  flex_column_div av-zero-column-padding  bg-default  fill img-left   avia-builder-el-8  el_after_av_one_third  el_before_av_one_third  w-1023-half \" style=\"background-image: url(https:\/\/sha-luzern.ch\/wp-content\/uploads\/060-Moods-SHA-Dortmund-Juli-2021-706x368.jpg); background-position: center center; background-repeat: no-repeat; background-size: cover; \"><\/div><div class=\"flex_column av_one_third  flex_column_div av-zero-column-padding  bg-default  fill img-left   avia-builder-el-9  el_after_av_one_third  avia-builder-el-last  w-1023-full w-1023-ml-off w-1023-ctm \" style=\"background-image: url(https:\/\/sha-luzern.ch\/wp-content\/uploads\/Stadteingang-blau-706x564.jpg); background-position: center center; background-repeat: no-repeat; background-size: cover; \"><\/div><\/div><\/div><\/div><!-- close content main div --><\/div><\/div><div id='av_section_3' class='avia-section main_color pt-default pb-default avia-no-border-styling avia-bg-style-scroll  avia-builder-el-10  el_after_av_section  el_before_av_section   container_wrap fullsize' style=' '  ><div class='container' ><div class='template-page content  av-content-full alpha units'><div class='post-entry post-entry-type-page post-entry-38588'><div class='entry-content-wrapper clearfix'>\n<div class=\"flex_column av_one_third  flex_column_div av-zero-column-padding first bg-default  fill img-left   avia-builder-el-11  el_before_av_one_third  avia-builder-el-first  w-1023-half \" style=\"background-image: url(https:\/\/sha-luzern.ch\/wp-content\/uploads\/massstab_srgb-F\u00fcllfoto-706x564.jpg); background-position: center center; background-repeat: no-repeat; background-size: cover; \"><\/div><div class=\"flex_column av_one_third  flex_column_div av-zero-column-padding  bg-default border-bottom   img-left   avia-builder-el-12  el_after_av_one_third  el_before_av_one_third  w-1023-half \"><section  class='av_textblock_section av-k55baqys-6-2201cada4e51a6b2c48b894346007508 '   itemscope=\"itemscope\" itemtype=\"https:\/\/schema.org\/CreativeWork\" ><div class='avia_textblock'  itemprop=\"text\" ><h3>Programme spatial et fonctionnel :<br \/>\nD\u00e9veloppement d&rsquo;un sch\u00e9ma organisationnel<\/h3>\n<p>Souvent, la raison d&rsquo;une construction est la n\u00e9cessit\u00e9 de restructurer l&rsquo;espace et de r\u00e9organiser les fonctions existantes. \u00c0 partir de vos sp\u00e9cifications et de notre analyse, nous d\u00e9veloppons pour vous des programmes d&rsquo;espaces et de fonctions adapt\u00e9s, qui combinent les besoins des utilisateurs de mani\u00e8re \u00e9conomique et architecturale.  <\/p>\n<p>A ce stade, nous pouvons d\u00e9j\u00e0 vous fournir une premi\u00e8re estimation approximative des co\u00fbts sur la base des chiffres au m\u00e8tre carr\u00e9 disponibles.<\/p>\n<\/div><\/section><\/div><div class=\"flex_column av_one_third  flex_column_div av-zero-column-padding  bg-default border-bottom   img-left   avia-builder-el-14  el_after_av_one_third  avia-builder-el-last  w-1023-full w-1023-ctm \"><section  class='av_textblock_section av-k55baqys-1-5559a95b6f073edc9fbdf2054bce7627 '   itemscope=\"itemscope\" itemtype=\"https:\/\/schema.org\/CreativeWork\" ><div class='avia_textblock'  itemprop=\"text\" ><h3>Analyse de la propri\u00e9t\u00e9 :<br \/>\nLes facteurs de localisation et le Genius loci<\/h3>\n<p>Le choix du bon emplacement est l&rsquo;un des facteurs de r\u00e9ussite les plus importants d&rsquo;un point de vue logistique et \u00e9conomique. La plupart du temps, le d\u00e9coupage, l&rsquo;orientation et la connexion du terrain constituent les facteurs d&rsquo;influence ext\u00e9rieurs pour la future construction. Il faut d&rsquo;ores et d\u00e9j\u00e0 v\u00e9rifier si les flux internes du b\u00e2timent peuvent \u00eatre positionn\u00e9s sur la parcelle. Parall\u00e8lement, les conditions existantes du sol et de la nappe phr\u00e9atique doivent \u00eatre prises en compte d\u00e8s le d\u00e9but afin de garantir la s\u00e9curit\u00e9 des co\u00fbts et des d\u00e9lais lors des phases de planification et de r\u00e9alisation. Nous vous conseillons et vous aidons \u00e0 trouver le site le plus appropri\u00e9.<\/p>\n<\/div><\/section><\/div>\n<\/p>\n<\/div><\/div><\/div><!-- close content main div --><\/div><\/div><div id='av_section_4' class='avia-section main_color pt-large pb-large avia-no-border-styling avia-bg-style-scroll  avia-builder-el-16  el_after_av_section  avia-builder-el-last   container_wrap fullsize' style=' '  ><div class='container' ><div class='template-page content  av-content-full alpha units'><div class='post-entry post-entry-type-page post-entry-38588'><div class='entry-content-wrapper clearfix'>\n\n\t\t\t<div id=\"av-k55bagx6-12\" class=\"headline-column flex_column av_one_full flex_column_div first \">\n\t\t\t\t<div class=\"headline-wrap is-outside align-center sub-bottom\">\n\t\t\t\t\t<h2 class=\"headline-content headline-primary\">Autres services de notre portefeuille<\/h2>\n\t\t\t\t\t<h3 class=\"headline-content headline-secondary\">Notre gamme compl\u00e8te de services<\/h3>\n\t\t\t\t<\/div>\n\t\t\t<\/div>\n<ul class=\"icon-row leistungen \">\n\t<li class=\"icon-row__entry beratung\">\n\t\t<a class=\"icon-row__entry-link\" href=\"https:\/\/sha-luzern.ch\/leistungen\/beratung\">\n\t\t\t<div class=\"icon-row__entry-image\">\n\t\t\t\t<div class=\"entry-image-svg\"><\/div>\n\t\t\t\t<!-- <div class=\"entry-image-hover\"><\/div> -->\n\t\t\t<\/div>\n\t\t\t<div class=\"icon-row__entry-text\">Conseil<\/div>\n\t\t<\/a>\n\t<\/li>\n\t<li class=\"icon-row__entry konzept\">\n\t\t<a class=\"icon-row__entry-link\" href=\"https:\/\/sha-luzern.ch\/leistungen\/analyse-und-konzept\">\n\t\t\t<div class=\"icon-row__entry-image\">\n\t\t\t\t<div class=\"entry-image-svg\"><\/div>\n\t\t\t\t<!-- <div class=\"entry-image-hover\"><\/div> -->\n\t\t\t<\/div>\n\t\t\t<div class=\"icon-row__entry-text\">Analyse & concept<\/div>\n\t\t<\/a>\n\t<\/li>\n\t<li class=\"icon-row__entry planung\">\n\t\t<a class=\"icon-row__entry-link\" href=\"https:\/\/sha-luzern.ch\/leistungen\/planung-und-koordination\">\n\t\t\t<div class=\"icon-row__entry-image\">\n\t\t\t\t<div class=\"entry-image-svg\"><\/div>\n\t\t\t\t<!-- <div class=\"entry-image-hover\"><\/div> -->\n\t\t\t<\/div>\n\t\t\t<div class=\"icon-row__entry-text\">Planification & coordination<\/div>\n\t\t<\/a>\n\t<\/li>\n\t<li class=\"icon-row__entry realisierung\">\n\t\t<a class=\"icon-row__entry-link\" href=\"https:\/\/sha-luzern.ch\/leistungen\/realisierung\">\n\t\t\t<div class=\"icon-row__entry-image\">\n\t\t\t\t<div class=\"entry-image-svg\"><\/div>\n\t\t\t\t<!-- <div class=\"entry-image-hover\"><\/div> -->\n\t\t\t<\/div>\n\t\t\t<div class=\"icon-row__entry-text\">R\u00e9alisation<\/div>\n\t\t<\/a>\n\t<\/li>\n\t<li class=\"icon-row__entry nachbetreuung\">\n\t\t<a class=\"icon-row__entry-link\" href=\"https:\/\/sha-luzern.ch\/leistungen\/nachbetreuung\">\n\t\t\t<div class=\"icon-row__entry-image\">\n\t\t\t\t<div class=\"entry-image-svg\"><\/div>\n\t\t\t\t<!-- <div class=\"entry-image-hover\"><\/div> -->\n\t\t\t<\/div>\n\t\t\t<div class=\"icon-row__entry-text\">Suivi<\/div>\n\t\t<\/a>\n\t<\/li>\n<\/ul>\n\n\n","protected":false},"excerpt":{"rendered":"","protected":false},"author":1,"featured_media":0,"parent":30198,"menu_order":1,"comment_status":"closed","ping_status":"closed","template":"","meta":{"_acf_changed":false,"content-type":"","footnotes":""},"class_list":["post-38588","page","type-page","status-publish","hentry"],"acf":[],"yoast_head":"<!-- This site is optimized with the Yoast SEO plugin v26.1.1 - https:\/\/yoast.com\/wordpress\/plugins\/seo\/ -->\n<title>Conseil global en architecture | SHA Architectes<\/title>\n<meta name=\"description\" content=\"Du d\u00e9but du projet jusqu&#039;au suivi : SHA propose une identification sp\u00e9cifique \u00e0 l&#039;industrie, un programme spatial d\u00e9taill\u00e9 &amp; des analyses fonci\u00e8res pr\u00e9cises \u27a7 Contacter maintenant\" \/>\n<meta name=\"robots\" content=\"index, follow, max-snippet:-1, max-image-preview:large, max-video-preview:-1\" \/>\n<link rel=\"canonical\" href=\"https:\/\/sha-luzern.ch\/fr\/services\/conseil\" \/>\n<meta property=\"og:locale\" content=\"fr_FR\" \/>\n<meta property=\"og:type\" content=\"article\" \/>\n<meta property=\"og:title\" content=\"Conseil global en architecture | SHA Architectes\" \/>\n<meta property=\"og:description\" content=\"Du d\u00e9but du projet jusqu&#039;au suivi : SHA propose une identification sp\u00e9cifique \u00e0 l&#039;industrie, un programme spatial d\u00e9taill\u00e9 &amp; des analyses fonci\u00e8res pr\u00e9cises \u27a7 Contacter maintenant\" \/>\n<meta property=\"og:url\" content=\"https:\/\/sha-luzern.ch\/fr\/services\/conseil\" \/>\n<meta property=\"og:site_name\" content=\"SHA Scheffler Helbich Architekten GmbH\" \/>\n<meta property=\"article:modified_time\" content=\"2024-08-28T13:01:49+00:00\" \/>\n<meta name=\"twitter:card\" content=\"summary_large_image\" \/>\n<meta name=\"twitter:label1\" content=\"Dur\u00e9e de lecture estim\u00e9e\" \/>\n\t<meta name=\"twitter:data1\" content=\"11 minutes\" \/>\n<script type=\"application\/ld+json\" class=\"yoast-schema-graph\">{\"@context\":\"https:\/\/schema.org\",\"@graph\":[{\"@type\":\"WebPage\",\"@id\":\"https:\/\/sha-luzern.ch\/fr\/services\/conseil\",\"url\":\"https:\/\/sha-luzern.ch\/fr\/services\/conseil\",\"name\":\"Conseil global en architecture | SHA Architectes\",\"isPartOf\":{\"@id\":\"https:\/\/sha-luzern.ch\/fr#website\"},\"datePublished\":\"2020-01-13T06:54:21+00:00\",\"dateModified\":\"2024-08-28T13:01:49+00:00\",\"description\":\"Du d\u00e9but du projet jusqu'au suivi : SHA propose une identification sp\u00e9cifique \u00e0 l'industrie, un programme spatial d\u00e9taill\u00e9 & des analyses fonci\u00e8res pr\u00e9cises \u27a7 Contacter maintenant\",\"breadcrumb\":{\"@id\":\"https:\/\/sha-luzern.ch\/fr\/services\/conseil#breadcrumb\"},\"inLanguage\":\"fr-FR\",\"potentialAction\":[{\"@type\":\"ReadAction\",\"target\":[\"https:\/\/sha-luzern.ch\/fr\/services\/conseil\"]}]},{\"@type\":\"BreadcrumbList\",\"@id\":\"https:\/\/sha-luzern.ch\/fr\/services\/conseil#breadcrumb\",\"itemListElement\":[{\"@type\":\"ListItem\",\"position\":1,\"name\":\"Startseite\",\"item\":\"https:\/\/sha-luzern.ch\/fr\/accueil\"},{\"@type\":\"ListItem\",\"position\":2,\"name\":\"Services\",\"item\":\"https:\/\/sha-luzern.ch\/fr\/services\"},{\"@type\":\"ListItem\",\"position\":3,\"name\":\"Conseil\"}]},{\"@type\":\"WebSite\",\"@id\":\"https:\/\/sha-luzern.ch\/fr#website\",\"url\":\"https:\/\/sha-luzern.ch\/fr\",\"name\":\"SHA Scheffler Helbich Architekten GmbH\",\"description\":\"\",\"potentialAction\":[{\"@type\":\"SearchAction\",\"target\":{\"@type\":\"EntryPoint\",\"urlTemplate\":\"https:\/\/sha-luzern.ch\/fr?s={search_term_string}\"},\"query-input\":{\"@type\":\"PropertyValueSpecification\",\"valueRequired\":true,\"valueName\":\"search_term_string\"}}],\"inLanguage\":\"fr-FR\"}]}<\/script>\n<!-- \/ Yoast SEO plugin. -->","yoast_head_json":{"title":"Conseil global en architecture | SHA Architectes","description":"Du d\u00e9but du projet jusqu'au suivi : SHA propose une identification sp\u00e9cifique \u00e0 l'industrie, un programme spatial d\u00e9taill\u00e9 & des analyses fonci\u00e8res pr\u00e9cises \u27a7 Contacter maintenant","robots":{"index":"index","follow":"follow","max-snippet":"max-snippet:-1","max-image-preview":"max-image-preview:large","max-video-preview":"max-video-preview:-1"},"canonical":"https:\/\/sha-luzern.ch\/fr\/services\/conseil","og_locale":"fr_FR","og_type":"article","og_title":"Conseil global en architecture | SHA Architectes","og_description":"Du d\u00e9but du projet jusqu'au suivi : SHA propose une identification sp\u00e9cifique \u00e0 l'industrie, un programme spatial d\u00e9taill\u00e9 & des analyses fonci\u00e8res pr\u00e9cises \u27a7 Contacter maintenant","og_url":"https:\/\/sha-luzern.ch\/fr\/services\/conseil","og_site_name":"SHA Scheffler Helbich Architekten GmbH","article_modified_time":"2024-08-28T13:01:49+00:00","twitter_card":"summary_large_image","twitter_misc":{"Dur\u00e9e de lecture estim\u00e9e":"11 minutes"},"schema":{"@context":"https:\/\/schema.org","@graph":[{"@type":"WebPage","@id":"https:\/\/sha-luzern.ch\/fr\/services\/conseil","url":"https:\/\/sha-luzern.ch\/fr\/services\/conseil","name":"Conseil global en architecture | SHA Architectes","isPartOf":{"@id":"https:\/\/sha-luzern.ch\/fr#website"},"datePublished":"2020-01-13T06:54:21+00:00","dateModified":"2024-08-28T13:01:49+00:00","description":"Du d\u00e9but du projet jusqu'au suivi : SHA propose une identification sp\u00e9cifique \u00e0 l'industrie, un programme spatial d\u00e9taill\u00e9 & des analyses fonci\u00e8res pr\u00e9cises \u27a7 Contacter maintenant","breadcrumb":{"@id":"https:\/\/sha-luzern.ch\/fr\/services\/conseil#breadcrumb"},"inLanguage":"fr-FR","potentialAction":[{"@type":"ReadAction","target":["https:\/\/sha-luzern.ch\/fr\/services\/conseil"]}]},{"@type":"BreadcrumbList","@id":"https:\/\/sha-luzern.ch\/fr\/services\/conseil#breadcrumb","itemListElement":[{"@type":"ListItem","position":1,"name":"Startseite","item":"https:\/\/sha-luzern.ch\/fr\/accueil"},{"@type":"ListItem","position":2,"name":"Services","item":"https:\/\/sha-luzern.ch\/fr\/services"},{"@type":"ListItem","position":3,"name":"Conseil"}]},{"@type":"WebSite","@id":"https:\/\/sha-luzern.ch\/fr#website","url":"https:\/\/sha-luzern.ch\/fr","name":"SHA Scheffler Helbich Architekten GmbH","description":"","potentialAction":[{"@type":"SearchAction","target":{"@type":"EntryPoint","urlTemplate":"https:\/\/sha-luzern.ch\/fr?s={search_term_string}"},"query-input":{"@type":"PropertyValueSpecification","valueRequired":true,"valueName":"search_term_string"}}],"inLanguage":"fr-FR"}]}},"_links":{"self":[{"href":"https:\/\/sha-luzern.ch\/fr\/wp-json\/wp\/v2\/pages\/38588","targetHints":{"allow":["GET"]}}],"collection":[{"href":"https:\/\/sha-luzern.ch\/fr\/wp-json\/wp\/v2\/pages"}],"about":[{"href":"https:\/\/sha-luzern.ch\/fr\/wp-json\/wp\/v2\/types\/page"}],"author":[{"embeddable":true,"href":"https:\/\/sha-luzern.ch\/fr\/wp-json\/wp\/v2\/users\/1"}],"replies":[{"embeddable":true,"href":"https:\/\/sha-luzern.ch\/fr\/wp-json\/wp\/v2\/comments?post=38588"}],"version-history":[{"count":10,"href":"https:\/\/sha-luzern.ch\/fr\/wp-json\/wp\/v2\/pages\/38588\/revisions"}],"predecessor-version":[{"id":38633,"href":"https:\/\/sha-luzern.ch\/fr\/wp-json\/wp\/v2\/pages\/38588\/revisions\/38633"}],"up":[{"embeddable":true,"href":"https:\/\/sha-luzern.ch\/fr\/wp-json\/wp\/v2\/pages\/30198"}],"wp:attachment":[{"href":"https:\/\/sha-luzern.ch\/fr\/wp-json\/wp\/v2\/media?parent=38588"}],"curies":[{"name":"wp","href":"https:\/\/api.w.org\/{rel}","templated":true}]}}